{"id":21926,"date":"2023-04-07T16:39:55","date_gmt":"2023-04-07T14:39:55","guid":{"rendered":"https:\/\/www.pmm-srl.com\/?page_id=21926"},"modified":"2025-07-18T12:26:48","modified_gmt":"2025-07-18T10:26:48","slug":"contacts","status":"publish","type":"page","link":"https:\/\/www.pmm-srl.com\/fr\/contacts\/","title":{"rendered":"Contacts"},"content":{"rendered":"\t\t<div data-elementor-type=\"wp-page\" data-elementor-id=\"21926\" class=\"elementor elementor-21926 elementor-18759\">\n\t\t\t\t\t\t<section class=\"elementor-section elementor-top-section elementor-element elementor-element-bed630d elementor-section-boxed elementor-section-height-default elementor-section-height-default sc_fly_static\" data-id=\"bed630d\" data-element_type=\"section\" data-e-type=\"section\">\n\t\t\t\t\t\t<div class=\"elementor-container elementor-column-gap-extended\">\n\t\t\t\t\t<div class=\"elementor-column elementor-col-100 elementor-top-column elementor-element elementor-element-458f2ed sc_inner_width_none sc_content_align_inherit sc_layouts_column_icons_position_left sc_fly_static\" data-id=\"458f2ed\" data-element_type=\"column\" data-e-type=\"column\">\n\t\t\t<div class=\"elementor-widget-wrap elementor-element-populated\">\n\t\t\t\t\t\t<div class=\"elementor-element elementor-element-47dd30d sc_height_huge sc_fly_static elementor-widget elementor-widget-spacer\" data-id=\"47dd30d\" data-element_type=\"widget\" data-e-type=\"widget\" data-widget_type=\"spacer.default\">\n\t\t\t\t<div class=\"elementor-widget-container\">\n\t\t\t\t\t\t\t<div class=\"elementor-spacer\">\n\t\t\t<div class=\"elementor-spacer-inner\"><\/div>\n\t\t<\/div>\n\t\t\t\t\t\t<\/div>\n\t\t\t\t<\/div>\n\t\t\t\t\t<\/div>\n\t\t<\/div>\n\t\t\t\t\t<\/div>\n\t\t<\/section>\n\t\t\t\t<section class=\"elementor-section elementor-top-section elementor-element elementor-element-346f5a3 elementor-section-full_width elementor-section-height-default elementor-section-height-default sc_fly_static\" data-id=\"346f5a3\" data-element_type=\"section\" data-e-type=\"section\" data-settings=\"{&quot;background_background&quot;:&quot;classic&quot;}\">\n\t\t\t\t\t\t<div class=\"elementor-container elementor-column-gap-no\">\n\t\t\t\t\t<div class=\"elementor-column elementor-col-100 elementor-top-column elementor-element elementor-element-7f69150 sc_inner_width_none sc_content_align_inherit sc_layouts_column_icons_position_left sc_fly_static\" data-id=\"7f69150\" data-element_type=\"column\" data-e-type=\"column\">\n\t\t\t<div class=\"elementor-widget-wrap elementor-element-populated\">\n\t\t\t\t\t\t<div class=\"elementor-element elementor-element-33e0e31 sc_fly_static elementor-widget elementor-widget-trx_sc_googlemap\" data-id=\"33e0e31\" data-element_type=\"widget\" data-e-type=\"widget\" data-widget_type=\"trx_sc_googlemap.default\">\n\t\t\t\t<div class=\"elementor-widget-container\">\n\t\t\t\t\t<div id=\"sc_googlemap_1475950899_wrap\" class=\"sc_googlemap_wrap\"><div id=\"sc_googlemap_1475950899\"\t\t\tclass=\"sc_item_content sc_map sc_googlemap sc_googlemap_default trx_addons_inline_1583936281\"\n\t\t\t \t\t\tdata-zoom=\"12\"\n\t\t\tdata-center=\"\"\n\t\t\tdata-style=\"extra\"\n\t\t\tdata-cluster-icon=\"\"\n\t\t\t><iframe\n\t\t\t\t\t\tsrc=\"https:\/\/maps.google.com\/maps?t=m&output=embed&iwloc=near&z=12&q=Via+Giovanni+Verga%2C+74+10036+Settimo+Torinese\"\n\t\t\t\t\t\taria-label=\"\"><\/iframe><\/div><\/div>\t\t\t\t<\/div>\n\t\t\t\t<\/div>\n\t\t\t\t\t<\/div>\n\t\t<\/div>\n\t\t\t\t\t<\/div>\n\t\t<\/section>\n\t\t\t\t<section class=\"elementor-section elementor-top-section elementor-element elementor-element-565810c scheme_default elementor-section-boxed elementor-section-height-default elementor-section-height-default sc_fly_static\" data-id=\"565810c\" data-element_type=\"section\" data-e-type=\"section\" data-settings=\"{&quot;background_background&quot;:&quot;classic&quot;}\">\n\t\t\t\t\t\t\t<div class=\"elementor-background-overlay\"><\/div>\n\t\t\t\t\t\t\t<div class=\"elementor-container elementor-column-gap-extended\">\n\t\t\t\t\t<div class=\"elementor-column elementor-col-100 elementor-top-column elementor-element elementor-element-e7ff7c7 sc_inner_width_none sc_content_align_inherit sc_layouts_column_icons_position_left sc_fly_static\" data-id=\"e7ff7c7\" data-element_type=\"column\" data-e-type=\"column\">\n\t\t\t<div class=\"elementor-widget-wrap elementor-element-populated\">\n\t\t\t\t\t\t<div class=\"elementor-element elementor-element-f747c3a sc_height_large sc_fly_static elementor-widget elementor-widget-spacer\" data-id=\"f747c3a\" data-element_type=\"widget\" data-e-type=\"widget\" data-widget_type=\"spacer.default\">\n\t\t\t\t<div class=\"elementor-widget-container\">\n\t\t\t\t\t\t\t<div class=\"elementor-spacer\">\n\t\t\t<div class=\"elementor-spacer-inner\"><\/div>\n\t\t<\/div>\n\t\t\t\t\t\t<\/div>\n\t\t\t\t<\/div>\n\t\t\t\t<div class=\"elementor-element elementor-element-c5f0bad sc_fly_static elementor-widget elementor-widget-trx_sc_title\" data-id=\"c5f0bad\" data-element_type=\"widget\" data-e-type=\"widget\" data-widget_type=\"trx_sc_title.default\">\n\t\t\t\t<div class=\"elementor-widget-container\">\n\t\t\t\t\t<div\t\tclass=\"sc_title sc_title_default\" ><h4 class=\"sc_item_title sc_title_title sc_item_title_style_default sc_item_title_tag\"\n\t\t\t><span class=\"sc_item_title_text\">Contacts<\/span><\/h4><\/div>\t\t\t\t<\/div>\n\t\t\t\t<\/div>\n\t\t\t\t<section class=\"elementor-section elementor-inner-section elementor-element elementor-element-d1b6fca elementor-section-boxed elementor-section-height-default elementor-section-height-default sc_fly_static\" data-id=\"d1b6fca\" data-element_type=\"section\" data-e-type=\"section\">\n\t\t\t\t\t\t<div class=\"elementor-container elementor-column-gap-no\">\n\t\t\t\t\t<div class=\"elementor-column elementor-col-33 elementor-inner-column elementor-element elementor-element-9dcc482 sc_inner_width_none sc_content_align_inherit sc_layouts_column_icons_position_left sc_fly_static\" data-id=\"9dcc482\" data-element_type=\"column\" data-e-type=\"column\">\n\t\t\t<div class=\"elementor-widget-wrap elementor-element-populated\">\n\t\t\t\t\t\t<div class=\"elementor-element elementor-element-99ae82d sc_fly_static elementor-widget elementor-widget-trx_sc_icons\" data-id=\"99ae82d\" data-element_type=\"widget\" data-e-type=\"widget\" data-widget_type=\"trx_sc_icons.default\">\n\t\t\t\t<div class=\"elementor-widget-container\">\n\t\t\t\t\t<div \tclass=\"sc_icons sc_icons_simple sc_icons_size_small sc_align_none\" ><div class=\"sc_icons_item with_more\"><div class=\"sc_icons_icon sc_icon_type_ icon-marker\" ><span class=\"sc_icon_type_ icon-marker\"><\/span><\/div><div class=\"sc_icons_item_details\"><div class=\"sc_icons_item_description\"><span>BUREAU D'INSCRIPTION<\/span><span>C.so Principe Oddone 18<\/span><span>10122 Torino (To)<\/span><\/div><\/div><\/div><div class=\"sc_icons_item with_more\"><div class=\"sc_icons_icon sc_icon_type_ icon-marker\" ><span class=\"sc_icon_type_ icon-marker\"><\/span><\/div><div class=\"sc_icons_item_details\"><div class=\"sc_icons_item_description\"><span>SI\u00c8GE OP\u00c9RATIONNEL<\/span><span>Via Giovanni Verga74 10036 Settimo T.se (To)<\/span><\/div><\/div><\/div><\/div><!-- \/.sc_icons -->\t\t\t\t<\/div>\n\t\t\t\t<\/div>\n\t\t\t\t\t<\/div>\n\t\t<\/div>\n\t\t\t\t<div class=\"elementor-column elementor-col-33 elementor-inner-column elementor-element elementor-element-7553b8c sc_inner_width_none sc_content_align_inherit sc_layouts_column_icons_position_left sc_fly_static\" data-id=\"7553b8c\" data-element_type=\"column\" data-e-type=\"column\">\n\t\t\t<div class=\"elementor-widget-wrap elementor-element-populated\">\n\t\t\t\t\t\t<div class=\"elementor-element elementor-element-b9968e5 sc_fly_static elementor-widget elementor-widget-trx_sc_icons\" data-id=\"b9968e5\" data-element_type=\"widget\" data-e-type=\"widget\" data-widget_type=\"trx_sc_icons.default\">\n\t\t\t\t<div class=\"elementor-widget-container\">\n\t\t\t\t\t<div \tclass=\"sc_icons sc_icons_simple sc_icons_size_small sc_align_none\" ><div class=\"sc_icons_item with_more\"><div class=\"sc_icons_icon sc_icon_type_ icon-envelope-2\" ><span class=\"sc_icon_type_ icon-envelope-2\"><\/span><\/div><div class=\"sc_icons_item_details\"><div class=\"sc_icons_item_description\"><span><a href=\"mailto:info@pmm-srl.com\">info@pmm-srl.com<\/a><\/span><\/div><\/div><\/div><div class=\"sc_icons_item sc_icons_item_linked with_more\"><div class=\"sc_icons_icon sc_icon_type_ icon-iphone\" ><span class=\"sc_icon_type_ icon-iphone\"><\/span><\/div><div class=\"sc_icons_item_details\"><a href=\"tel:+390118977649\" class=\"sc_icons_item_more_link\">\r\n                        <span class=\"link_text\">+39 011 8977649<\/span><span class=\"link_icon\"><\/span>\r\n                        <\/a><a href=\"tel:+390118977649\"\r\n                        class=\"sc_icons_item_link\">\r\n                        <\/a><\/div><\/div><div class=\"sc_icons_item with_more\"><div class=\"sc_icons_icon sc_icon_type_ icon-clock-1\" ><span class=\"sc_icon_type_ icon-clock-1\"><\/span><\/div><div class=\"sc_icons_item_details\"><div class=\"sc_icons_item_description\"><span>Lun-Ven: <\/span><span>08.00\u201312.30 <\/span><span> 14.00\u201317.30<\/span><span>Sabato: Chiuso<\/span><span>Domenica: Chiuso<\/span><\/div><\/div><\/div><\/div><!-- \/.sc_icons -->\t\t\t\t<\/div>\n\t\t\t\t<\/div>\n\t\t\t\t\t<\/div>\n\t\t<\/div>\n\t\t\t\t<div class=\"elementor-column elementor-col-33 elementor-inner-column elementor-element elementor-element-94529e5 sc_inner_width_none sc_content_align_inherit sc_layouts_column_icons_position_left sc_fly_static\" data-id=\"94529e5\" data-element_type=\"column\" data-e-type=\"column\">\n\t\t\t<div class=\"elementor-widget-wrap elementor-element-populated\">\n\t\t\t\t\t\t<div class=\"elementor-element elementor-element-2d9995e sc_fly_static elementor-widget elementor-widget-image\" data-id=\"2d9995e\" data-element_type=\"widget\" data-e-type=\"widget\" data-widget_type=\"image.default\">\n\t\t\t\t<div class=\"elementor-widget-container\">\n\t\t\t\t\t\t\t\t\t\t\t\t\t\t\t<img fetchpriority=\"high\" decoding=\"async\" width=\"474\" height=\"259\" src=\"https:\/\/www.pmm-srl.com\/wp-content\/uploads\/2023\/04\/Sumitomo-1.jpg\" class=\"attachment-medium_large size-medium_large wp-image-22939\" alt=\"\" srcset=\"https:\/\/www.pmm-srl.com\/wp-content\/uploads\/2023\/04\/Sumitomo-1.jpg 474w, https:\/\/www.pmm-srl.com\/wp-content\/uploads\/2023\/04\/Sumitomo-1-300x164.jpg 300w, https:\/\/www.pmm-srl.com\/wp-content\/uploads\/2023\/04\/Sumitomo-1-370x202.jpg 370w, https:\/\/www.pmm-srl.com\/wp-content\/uploads\/2023\/04\/Sumitomo-1-410x224.jpg 410w\" sizes=\"(max-width: 600px) 100vw, 474px\" \/>\t\t\t\t\t\t\t\t\t\t\t\t\t\t\t<\/div>\n\t\t\t\t<\/div>\n\t\t\t\t\t<\/div>\n\t\t<\/div>\n\t\t\t\t\t<\/div>\n\t\t<\/section>\n\t\t\t\t<div class=\"elementor-element elementor-element-9a2d604 sc_height_huge sc_fly_static elementor-widget elementor-widget-spacer\" data-id=\"9a2d604\" data-element_type=\"widget\" data-e-type=\"widget\" data-widget_type=\"spacer.default\">\n\t\t\t\t<div class=\"elementor-widget-container\">\n\t\t\t\t\t\t\t<div class=\"elementor-spacer\">\n\t\t\t<div class=\"elementor-spacer-inner\"><\/div>\n\t\t<\/div>\n\t\t\t\t\t\t<\/div>\n\t\t\t\t<\/div>\n\t\t\t\t\t<\/div>\n\t\t<\/div>\n\t\t\t\t\t<\/div>\n\t\t<\/section>\n\t\t\t\t<\/div>\n\t\t","protected":false},"excerpt":{"rendered":"<p>Contacts BUREAU D&rsquo;INSCRIPTIONC.so Principe Oddone 1810122 Torino (To)SI\u00c8GE OP\u00c9RATIONNELVia Giovanni Verga74 10036 Settimo T.se (To) info@pmm-srl.com +39 011 8977649 Lun-Ven: 08.00\u201312.30 14.00\u201317.30Sabato: ChiusoDomenica: Chiuso<\/p>\n","protected":false},"author":1,"featured_media":0,"parent":0,"menu_order":0,"comment_status":"closed","ping_status":"closed","template":"","meta":{"footnotes":""},"class_list":["post-21926","page","type-page","status-publish","hentry"],"yoast_head":"<!-- This site is optimized with the Yoast SEO plugin v27.2 - https:\/\/yoast.com\/product\/yoast-seo-wordpress\/ -->\n<title>Contacts de Pmm - Pmm Srl<\/title>\n<meta name=\"description\" content=\"Pmm est leader dans la vente et l&#039;achat de machines et p\u00e9riph\u00e9riques d&#039;occasion et nous offrons des solutions! D\u00e9couvrez les contacts de pmm\" \/>\n<meta name=\"robots\" content=\"index, follow, max-snippet:-1, max-image-preview:large, max-video-preview:-1\" \/>\n<link rel=\"canonical\" href=\"https:\/\/www.pmm-srl.com\/fr\/contacts\/\" \/>\n<meta property=\"og:locale\" content=\"fr_FR\" \/>\n<meta property=\"og:type\" content=\"article\" \/>\n<meta property=\"og:title\" content=\"Contacts de Pmm - Pmm Srl\" \/>\n<meta property=\"og:description\" content=\"Pmm est leader dans la vente et l&#039;achat de machines et p\u00e9riph\u00e9riques d&#039;occasion et nous offrons des solutions! D\u00e9couvrez les contacts de pmm\" \/>\n<meta property=\"og:url\" content=\"https:\/\/www.pmm-srl.com\/fr\/contacts\/\" \/>\n<meta property=\"og:site_name\" content=\"Pmm Srl\" \/>\n<meta property=\"article:modified_time\" content=\"2025-07-18T10:26:48+00:00\" \/>\n<meta property=\"og:image\" content=\"https:\/\/www.pmm-srl.com\/wp-content\/uploads\/2023\/04\/Sumitomo-1.jpg\" \/>\n\t<meta property=\"og:image:width\" content=\"474\" \/>\n\t<meta property=\"og:image:height\" content=\"259\" \/>\n\t<meta property=\"og:image:type\" content=\"image\/jpeg\" \/>\n<meta name=\"twitter:card\" content=\"summary_large_image\" \/>\n<meta name=\"twitter:label1\" content=\"Dur\u00e9e de lecture estim\u00e9e\" \/>\n\t<meta name=\"twitter:data1\" content=\"1 minute\" \/>\n<script type=\"application\/ld+json\" class=\"yoast-schema-graph\">{\"@context\":\"https:\/\/schema.org\",\"@graph\":[{\"@type\":\"WebPage\",\"@id\":\"https:\/\/www.pmm-srl.com\/fr\/contacts\/\",\"url\":\"https:\/\/www.pmm-srl.com\/fr\/contacts\/\",\"name\":\"Contacts de Pmm - Pmm Srl\",\"isPartOf\":{\"@id\":\"https:\/\/www.pmm-srl.com\/fr\/#website\"},\"primaryImageOfPage\":{\"@id\":\"https:\/\/www.pmm-srl.com\/fr\/contacts\/#primaryimage\"},\"image\":{\"@id\":\"https:\/\/www.pmm-srl.com\/fr\/contacts\/#primaryimage\"},\"thumbnailUrl\":\"https:\/\/www.pmm-srl.com\/wp-content\/uploads\/2023\/04\/Sumitomo-1.jpg\",\"datePublished\":\"2023-04-07T14:39:55+00:00\",\"dateModified\":\"2025-07-18T10:26:48+00:00\",\"description\":\"Pmm est leader dans la vente et l'achat de machines et p\u00e9riph\u00e9riques d'occasion et nous offrons des solutions! D\u00e9couvrez les contacts de pmm\",\"breadcrumb\":{\"@id\":\"https:\/\/www.pmm-srl.com\/fr\/contacts\/#breadcrumb\"},\"inLanguage\":\"fr-FR\",\"potentialAction\":[{\"@type\":\"ReadAction\",\"target\":[\"https:\/\/www.pmm-srl.com\/fr\/contacts\/\"]}]},{\"@type\":\"ImageObject\",\"inLanguage\":\"fr-FR\",\"@id\":\"https:\/\/www.pmm-srl.com\/fr\/contacts\/#primaryimage\",\"url\":\"https:\/\/www.pmm-srl.com\/wp-content\/uploads\/2023\/04\/Sumitomo-1.jpg\",\"contentUrl\":\"https:\/\/www.pmm-srl.com\/wp-content\/uploads\/2023\/04\/Sumitomo-1.jpg\"},{\"@type\":\"BreadcrumbList\",\"@id\":\"https:\/\/www.pmm-srl.com\/fr\/contacts\/#breadcrumb\",\"itemListElement\":[{\"@type\":\"ListItem\",\"position\":1,\"name\":\"Home\",\"item\":\"https:\/\/www.pmm-srl.com\/fr\/\"},{\"@type\":\"ListItem\",\"position\":2,\"name\":\"Contacts\"}]},{\"@type\":\"WebSite\",\"@id\":\"https:\/\/www.pmm-srl.com\/fr\/#website\",\"url\":\"https:\/\/www.pmm-srl.com\/fr\/\",\"name\":\"Pmm Srl\",\"description\":\"Plastic Moulding Machine\",\"publisher\":{\"@id\":\"https:\/\/www.pmm-srl.com\/fr\/#organization\"},\"potentialAction\":[{\"@type\":\"SearchAction\",\"target\":{\"@type\":\"EntryPoint\",\"urlTemplate\":\"https:\/\/www.pmm-srl.com\/fr\/?s={search_term_string}\"},\"query-input\":{\"@type\":\"PropertyValueSpecification\",\"valueRequired\":true,\"valueName\":\"search_term_string\"}}],\"inLanguage\":\"fr-FR\"},{\"@type\":\"Organization\",\"@id\":\"https:\/\/www.pmm-srl.com\/fr\/#organization\",\"name\":\"Pmm Srl\",\"url\":\"https:\/\/www.pmm-srl.com\/fr\/\",\"logo\":{\"@type\":\"ImageObject\",\"inLanguage\":\"fr-FR\",\"@id\":\"https:\/\/www.pmm-srl.com\/fr\/#\/schema\/logo\/image\/\",\"url\":\"https:\/\/www.pmm-srl.com\/wp-content\/uploads\/2023\/04\/logo-colori-2.png\",\"contentUrl\":\"https:\/\/www.pmm-srl.com\/wp-content\/uploads\/2023\/04\/logo-colori-2.png\",\"width\":908,\"height\":151,\"caption\":\"Pmm Srl\"},\"image\":{\"@id\":\"https:\/\/www.pmm-srl.com\/fr\/#\/schema\/logo\/image\/\"}}]}<\/script>\n<!-- \/ Yoast SEO plugin. -->","yoast_head_json":{"title":"Contacts de Pmm - Pmm Srl","description":"Pmm est leader dans la vente et l'achat de machines et p\u00e9riph\u00e9riques d'occasion et nous offrons des solutions! D\u00e9couvrez les contacts de pmm","robots":{"index":"index","follow":"follow","max-snippet":"max-snippet:-1","max-image-preview":"max-image-preview:large","max-video-preview":"max-video-preview:-1"},"canonical":"https:\/\/www.pmm-srl.com\/fr\/contacts\/","og_locale":"fr_FR","og_type":"article","og_title":"Contacts de Pmm - Pmm Srl","og_description":"Pmm est leader dans la vente et l'achat de machines et p\u00e9riph\u00e9riques d'occasion et nous offrons des solutions! D\u00e9couvrez les contacts de pmm","og_url":"https:\/\/www.pmm-srl.com\/fr\/contacts\/","og_site_name":"Pmm Srl","article_modified_time":"2025-07-18T10:26:48+00:00","og_image":[{"width":474,"height":259,"url":"https:\/\/www.pmm-srl.com\/wp-content\/uploads\/2023\/04\/Sumitomo-1.jpg","type":"image\/jpeg"}],"twitter_card":"summary_large_image","twitter_misc":{"Dur\u00e9e de lecture estim\u00e9e":"1 minute"},"schema":{"@context":"https:\/\/schema.org","@graph":[{"@type":"WebPage","@id":"https:\/\/www.pmm-srl.com\/fr\/contacts\/","url":"https:\/\/www.pmm-srl.com\/fr\/contacts\/","name":"Contacts de Pmm - Pmm Srl","isPartOf":{"@id":"https:\/\/www.pmm-srl.com\/fr\/#website"},"primaryImageOfPage":{"@id":"https:\/\/www.pmm-srl.com\/fr\/contacts\/#primaryimage"},"image":{"@id":"https:\/\/www.pmm-srl.com\/fr\/contacts\/#primaryimage"},"thumbnailUrl":"https:\/\/www.pmm-srl.com\/wp-content\/uploads\/2023\/04\/Sumitomo-1.jpg","datePublished":"2023-04-07T14:39:55+00:00","dateModified":"2025-07-18T10:26:48+00:00","description":"Pmm est leader dans la vente et l'achat de machines et p\u00e9riph\u00e9riques d'occasion et nous offrons des solutions! D\u00e9couvrez les contacts de pmm","breadcrumb":{"@id":"https:\/\/www.pmm-srl.com\/fr\/contacts\/#breadcrumb"},"inLanguage":"fr-FR","potentialAction":[{"@type":"ReadAction","target":["https:\/\/www.pmm-srl.com\/fr\/contacts\/"]}]},{"@type":"ImageObject","inLanguage":"fr-FR","@id":"https:\/\/www.pmm-srl.com\/fr\/contacts\/#primaryimage","url":"https:\/\/www.pmm-srl.com\/wp-content\/uploads\/2023\/04\/Sumitomo-1.jpg","contentUrl":"https:\/\/www.pmm-srl.com\/wp-content\/uploads\/2023\/04\/Sumitomo-1.jpg"},{"@type":"BreadcrumbList","@id":"https:\/\/www.pmm-srl.com\/fr\/contacts\/#breadcrumb","itemListElement":[{"@type":"ListItem","position":1,"name":"Home","item":"https:\/\/www.pmm-srl.com\/fr\/"},{"@type":"ListItem","position":2,"name":"Contacts"}]},{"@type":"WebSite","@id":"https:\/\/www.pmm-srl.com\/fr\/#website","url":"https:\/\/www.pmm-srl.com\/fr\/","name":"Pmm Srl","description":"Plastic Moulding Machine","publisher":{"@id":"https:\/\/www.pmm-srl.com\/fr\/#organization"},"potentialAction":[{"@type":"SearchAction","target":{"@type":"EntryPoint","urlTemplate":"https:\/\/www.pmm-srl.com\/fr\/?s={search_term_string}"},"query-input":{"@type":"PropertyValueSpecification","valueRequired":true,"valueName":"search_term_string"}}],"inLanguage":"fr-FR"},{"@type":"Organization","@id":"https:\/\/www.pmm-srl.com\/fr\/#organization","name":"Pmm Srl","url":"https:\/\/www.pmm-srl.com\/fr\/","logo":{"@type":"ImageObject","inLanguage":"fr-FR","@id":"https:\/\/www.pmm-srl.com\/fr\/#\/schema\/logo\/image\/","url":"https:\/\/www.pmm-srl.com\/wp-content\/uploads\/2023\/04\/logo-colori-2.png","contentUrl":"https:\/\/www.pmm-srl.com\/wp-content\/uploads\/2023\/04\/logo-colori-2.png","width":908,"height":151,"caption":"Pmm Srl"},"image":{"@id":"https:\/\/www.pmm-srl.com\/fr\/#\/schema\/logo\/image\/"}}]}},"_links":{"self":[{"href":"https:\/\/www.pmm-srl.com\/fr\/wp-json\/wp\/v2\/pages\/21926","targetHints":{"allow":["GET"]}}],"collection":[{"href":"https:\/\/www.pmm-srl.com\/fr\/wp-json\/wp\/v2\/pages"}],"about":[{"href":"https:\/\/www.pmm-srl.com\/fr\/wp-json\/wp\/v2\/types\/page"}],"author":[{"embeddable":true,"href":"https:\/\/www.pmm-srl.com\/fr\/wp-json\/wp\/v2\/users\/1"}],"replies":[{"embeddable":true,"href":"https:\/\/www.pmm-srl.com\/fr\/wp-json\/wp\/v2\/comments?post=21926"}],"version-history":[{"count":27,"href":"https:\/\/www.pmm-srl.com\/fr\/wp-json\/wp\/v2\/pages\/21926\/revisions"}],"predecessor-version":[{"id":25958,"href":"https:\/\/www.pmm-srl.com\/fr\/wp-json\/wp\/v2\/pages\/21926\/revisions\/25958"}],"wp:attachment":[{"href":"https:\/\/www.pmm-srl.com\/fr\/wp-json\/wp\/v2\/media?parent=21926"}],"curies":[{"name":"wp","href":"https:\/\/api.w.org\/{rel}","templated":true}]}}