{"id":24992,"date":"2025-01-27T11:25:29","date_gmt":"2025-01-27T10:25:29","guid":{"rendered":"https:\/\/www.pmm-srl.com\/product\/chiller-frimec-mk-evo-45-2012-ap1226\/"},"modified":"2025-02-13T12:11:33","modified_gmt":"2025-02-13T11:11:33","slug":"chiller-frimec-mk-evo-45-2012-ap1226","status":"publish","type":"product","link":"https:\/\/www.pmm-srl.com\/fr\/produit\/chiller-frimec-mk-evo-45-2012-ap1226\/","title":{"rendered":"Chiller Frimec MK EVO 45 2012 AP1226"},"content":{"rendered":"","protected":false},"excerpt":{"rendered":"<p>Pr\u00eat \u00e0 \u00eatre livr\u00e9<\/p>\n<p><a href=\"https:\/\/www.pmm-srl.com\/wp-content\/uploads\/2025\/01\/MK-Evo-45.pdf\" target=\"_blank\" rel=\"noopener\"><span style=\"color: #ff0000;\"><strong>Datasheet<\/strong><\/span><\/a><\/p>\n<p>&nbsp;<\/p>\n","protected":false},"featured_media":25930,"template":"","meta":[],"product_brand":[],"product_cat":[377,564,566],"product_tag":[],"class_list":{"0":"post-24992","1":"product","2":"type-product","3":"status-publish","4":"has-post-thumbnail","6":"product_cat-macchinari-usati-fr","7":"product_cat-refrigerazione_fr","8":"product_cat-chiller_fr","10":"first","11":"instock","12":"shipping-taxable","13":"product-type-simple"},"yoast_head":"<!-- This site is optimized with the Yoast SEO plugin v27.2 - https:\/\/yoast.com\/product\/yoast-seo-wordpress\/ -->\n<title>Chiller Frimec MK EVO 45 2012 AP1226 - Pmm Srl<\/title>\n<meta name=\"robots\" content=\"index, follow, max-snippet:-1, max-image-preview:large, max-video-preview:-1\" \/>\n<link rel=\"canonical\" href=\"https:\/\/www.pmm-srl.com\/fr\/produit\/chiller-frimec-mk-evo-45-2012-ap1226\/\" \/>\n<meta property=\"og:locale\" content=\"fr_FR\" \/>\n<meta property=\"og:type\" content=\"article\" \/>\n<meta property=\"og:title\" content=\"Chiller Frimec MK EVO 45 2012 AP1226 - Pmm Srl\" \/>\n<meta property=\"og:description\" content=\"Pr\u00eat \u00e0 \u00eatre livr\u00e9 Datasheet &nbsp;\" \/>\n<meta property=\"og:url\" content=\"https:\/\/www.pmm-srl.com\/fr\/produit\/chiller-frimec-mk-evo-45-2012-ap1226\/\" \/>\n<meta property=\"og:site_name\" content=\"Pmm Srl\" \/>\n<meta property=\"article:modified_time\" content=\"2025-02-13T11:11:33+00:00\" \/>\n<meta property=\"og:image\" content=\"https:\/\/www.pmm-srl.com\/wp-content\/uploads\/2025\/01\/AP1226-0.jpg\" \/>\n\t<meta property=\"og:image:width\" content=\"250\" \/>\n\t<meta property=\"og:image:height\" content=\"200\" \/>\n\t<meta property=\"og:image:type\" content=\"image\/jpeg\" \/>\n<meta name=\"twitter:card\" content=\"summary_large_image\" \/>\n<script type=\"application\/ld+json\" class=\"yoast-schema-graph\">{\"@context\":\"https:\/\/schema.org\",\"@graph\":[{\"@type\":\"WebPage\",\"@id\":\"https:\/\/www.pmm-srl.com\/fr\/produit\/chiller-frimec-mk-evo-45-2012-ap1226\/\",\"url\":\"https:\/\/www.pmm-srl.com\/fr\/produit\/chiller-frimec-mk-evo-45-2012-ap1226\/\",\"name\":\"Chiller Frimec MK EVO 45 2012 AP1226 - Pmm Srl\",\"isPartOf\":{\"@id\":\"https:\/\/www.pmm-srl.com\/fr\/#website\"},\"primaryImageOfPage\":{\"@id\":\"https:\/\/www.pmm-srl.com\/fr\/produit\/chiller-frimec-mk-evo-45-2012-ap1226\/#primaryimage\"},\"image\":{\"@id\":\"https:\/\/www.pmm-srl.com\/fr\/produit\/chiller-frimec-mk-evo-45-2012-ap1226\/#primaryimage\"},\"thumbnailUrl\":\"https:\/\/www.pmm-srl.com\/wp-content\/uploads\/2025\/06\/AP1226-V.jpg\",\"datePublished\":\"2025-01-27T10:25:29+00:00\",\"dateModified\":\"2025-02-13T11:11:33+00:00\",\"breadcrumb\":{\"@id\":\"https:\/\/www.pmm-srl.com\/fr\/produit\/chiller-frimec-mk-evo-45-2012-ap1226\/#breadcrumb\"},\"inLanguage\":\"fr-FR\",\"potentialAction\":[{\"@type\":\"ReadAction\",\"target\":[\"https:\/\/www.pmm-srl.com\/fr\/produit\/chiller-frimec-mk-evo-45-2012-ap1226\/\"]}]},{\"@type\":\"ImageObject\",\"inLanguage\":\"fr-FR\",\"@id\":\"https:\/\/www.pmm-srl.com\/fr\/produit\/chiller-frimec-mk-evo-45-2012-ap1226\/#primaryimage\",\"url\":\"https:\/\/www.pmm-srl.com\/wp-content\/uploads\/2025\/06\/AP1226-V.jpg\",\"contentUrl\":\"https:\/\/www.pmm-srl.com\/wp-content\/uploads\/2025\/06\/AP1226-V.jpg\",\"width\":336,\"height\":371},{\"@type\":\"BreadcrumbList\",\"@id\":\"https:\/\/www.pmm-srl.com\/fr\/produit\/chiller-frimec-mk-evo-45-2012-ap1226\/#breadcrumb\",\"itemListElement\":[{\"@type\":\"ListItem\",\"position\":1,\"name\":\"Home\",\"item\":\"https:\/\/www.pmm-srl.com\/fr\/\"},{\"@type\":\"ListItem\",\"position\":2,\"name\":\"Catalogo\",\"item\":\"https:\/\/www.pmm-srl.com\/fr\/shop\/\"},{\"@type\":\"ListItem\",\"position\":3,\"name\":\"Chiller Frimec MK EVO 45 2012 AP1226\"}]},{\"@type\":\"WebSite\",\"@id\":\"https:\/\/www.pmm-srl.com\/fr\/#website\",\"url\":\"https:\/\/www.pmm-srl.com\/fr\/\",\"name\":\"Pmm Srl\",\"description\":\"Plastic Moulding Machine\",\"publisher\":{\"@id\":\"https:\/\/www.pmm-srl.com\/fr\/#organization\"},\"potentialAction\":[{\"@type\":\"SearchAction\",\"target\":{\"@type\":\"EntryPoint\",\"urlTemplate\":\"https:\/\/www.pmm-srl.com\/fr\/?s={search_term_string}\"},\"query-input\":{\"@type\":\"PropertyValueSpecification\",\"valueRequired\":true,\"valueName\":\"search_term_string\"}}],\"inLanguage\":\"fr-FR\"},{\"@type\":\"Organization\",\"@id\":\"https:\/\/www.pmm-srl.com\/fr\/#organization\",\"name\":\"Pmm Srl\",\"url\":\"https:\/\/www.pmm-srl.com\/fr\/\",\"logo\":{\"@type\":\"ImageObject\",\"inLanguage\":\"fr-FR\",\"@id\":\"https:\/\/www.pmm-srl.com\/fr\/#\/schema\/logo\/image\/\",\"url\":\"https:\/\/www.pmm-srl.com\/wp-content\/uploads\/2023\/04\/logo-colori-2.png\",\"contentUrl\":\"https:\/\/www.pmm-srl.com\/wp-content\/uploads\/2023\/04\/logo-colori-2.png\",\"width\":908,\"height\":151,\"caption\":\"Pmm Srl\"},\"image\":{\"@id\":\"https:\/\/www.pmm-srl.com\/fr\/#\/schema\/logo\/image\/\"}}]}<\/script>\n<!-- \/ Yoast SEO plugin. -->","yoast_head_json":{"title":"Chiller Frimec MK EVO 45 2012 AP1226 - Pmm Srl","robots":{"index":"index","follow":"follow","max-snippet":"max-snippet:-1","max-image-preview":"max-image-preview:large","max-video-preview":"max-video-preview:-1"},"canonical":"https:\/\/www.pmm-srl.com\/fr\/produit\/chiller-frimec-mk-evo-45-2012-ap1226\/","og_locale":"fr_FR","og_type":"article","og_title":"Chiller Frimec MK EVO 45 2012 AP1226 - Pmm Srl","og_description":"Pr\u00eat \u00e0 \u00eatre livr\u00e9 Datasheet &nbsp;","og_url":"https:\/\/www.pmm-srl.com\/fr\/produit\/chiller-frimec-mk-evo-45-2012-ap1226\/","og_site_name":"Pmm Srl","article_modified_time":"2025-02-13T11:11:33+00:00","og_image":[{"width":250,"height":200,"url":"https:\/\/www.pmm-srl.com\/wp-content\/uploads\/2025\/01\/AP1226-0.jpg","type":"image\/jpeg"}],"twitter_card":"summary_large_image","schema":{"@context":"https:\/\/schema.org","@graph":[{"@type":"WebPage","@id":"https:\/\/www.pmm-srl.com\/fr\/produit\/chiller-frimec-mk-evo-45-2012-ap1226\/","url":"https:\/\/www.pmm-srl.com\/fr\/produit\/chiller-frimec-mk-evo-45-2012-ap1226\/","name":"Chiller Frimec MK EVO 45 2012 AP1226 - Pmm Srl","isPartOf":{"@id":"https:\/\/www.pmm-srl.com\/fr\/#website"},"primaryImageOfPage":{"@id":"https:\/\/www.pmm-srl.com\/fr\/produit\/chiller-frimec-mk-evo-45-2012-ap1226\/#primaryimage"},"image":{"@id":"https:\/\/www.pmm-srl.com\/fr\/produit\/chiller-frimec-mk-evo-45-2012-ap1226\/#primaryimage"},"thumbnailUrl":"https:\/\/www.pmm-srl.com\/wp-content\/uploads\/2025\/06\/AP1226-V.jpg","datePublished":"2025-01-27T10:25:29+00:00","dateModified":"2025-02-13T11:11:33+00:00","breadcrumb":{"@id":"https:\/\/www.pmm-srl.com\/fr\/produit\/chiller-frimec-mk-evo-45-2012-ap1226\/#breadcrumb"},"inLanguage":"fr-FR","potentialAction":[{"@type":"ReadAction","target":["https:\/\/www.pmm-srl.com\/fr\/produit\/chiller-frimec-mk-evo-45-2012-ap1226\/"]}]},{"@type":"ImageObject","inLanguage":"fr-FR","@id":"https:\/\/www.pmm-srl.com\/fr\/produit\/chiller-frimec-mk-evo-45-2012-ap1226\/#primaryimage","url":"https:\/\/www.pmm-srl.com\/wp-content\/uploads\/2025\/06\/AP1226-V.jpg","contentUrl":"https:\/\/www.pmm-srl.com\/wp-content\/uploads\/2025\/06\/AP1226-V.jpg","width":336,"height":371},{"@type":"BreadcrumbList","@id":"https:\/\/www.pmm-srl.com\/fr\/produit\/chiller-frimec-mk-evo-45-2012-ap1226\/#breadcrumb","itemListElement":[{"@type":"ListItem","position":1,"name":"Home","item":"https:\/\/www.pmm-srl.com\/fr\/"},{"@type":"ListItem","position":2,"name":"Catalogo","item":"https:\/\/www.pmm-srl.com\/fr\/shop\/"},{"@type":"ListItem","position":3,"name":"Chiller Frimec MK EVO 45 2012 AP1226"}]},{"@type":"WebSite","@id":"https:\/\/www.pmm-srl.com\/fr\/#website","url":"https:\/\/www.pmm-srl.com\/fr\/","name":"Pmm Srl","description":"Plastic Moulding Machine","publisher":{"@id":"https:\/\/www.pmm-srl.com\/fr\/#organization"},"potentialAction":[{"@type":"SearchAction","target":{"@type":"EntryPoint","urlTemplate":"https:\/\/www.pmm-srl.com\/fr\/?s={search_term_string}"},"query-input":{"@type":"PropertyValueSpecification","valueRequired":true,"valueName":"search_term_string"}}],"inLanguage":"fr-FR"},{"@type":"Organization","@id":"https:\/\/www.pmm-srl.com\/fr\/#organization","name":"Pmm Srl","url":"https:\/\/www.pmm-srl.com\/fr\/","logo":{"@type":"ImageObject","inLanguage":"fr-FR","@id":"https:\/\/www.pmm-srl.com\/fr\/#\/schema\/logo\/image\/","url":"https:\/\/www.pmm-srl.com\/wp-content\/uploads\/2023\/04\/logo-colori-2.png","contentUrl":"https:\/\/www.pmm-srl.com\/wp-content\/uploads\/2023\/04\/logo-colori-2.png","width":908,"height":151,"caption":"Pmm Srl"},"image":{"@id":"https:\/\/www.pmm-srl.com\/fr\/#\/schema\/logo\/image\/"}}]}},"_links":{"self":[{"href":"https:\/\/www.pmm-srl.com\/fr\/wp-json\/wp\/v2\/product\/24992","targetHints":{"allow":["GET"]}}],"collection":[{"href":"https:\/\/www.pmm-srl.com\/fr\/wp-json\/wp\/v2\/product"}],"about":[{"href":"https:\/\/www.pmm-srl.com\/fr\/wp-json\/wp\/v2\/types\/product"}],"version-history":[{"count":1,"href":"https:\/\/www.pmm-srl.com\/fr\/wp-json\/wp\/v2\/product\/24992\/revisions"}],"predecessor-version":[{"id":24994,"href":"https:\/\/www.pmm-srl.com\/fr\/wp-json\/wp\/v2\/product\/24992\/revisions\/24994"}],"wp:featuredmedia":[{"embeddable":true,"href":"https:\/\/www.pmm-srl.com\/fr\/wp-json\/wp\/v2\/media\/25930"}],"wp:attachment":[{"href":"https:\/\/www.pmm-srl.com\/fr\/wp-json\/wp\/v2\/media?parent=24992"}],"wp:term":[{"taxonomy":"product_brand","embeddable":true,"href":"https:\/\/www.pmm-srl.com\/fr\/wp-json\/wp\/v2\/product_brand?post=24992"},{"taxonomy":"product_cat","embeddable":true,"href":"https:\/\/www.pmm-srl.com\/fr\/wp-json\/wp\/v2\/product_cat?post=24992"},{"taxonomy":"product_tag","embeddable":true,"href":"https:\/\/www.pmm-srl.com\/fr\/wp-json\/wp\/v2\/product_tag?post=24992"}],"curies":[{"name":"wp","href":"https:\/\/api.w.org\/{rel}","templated":true}]}}