{"id":25429,"date":"2025-01-21T12:09:34","date_gmt":"2025-01-21T11:09:34","guid":{"rendered":"https:\/\/www.pmm-srl.com\/product\/manipolatore-yushin-yc-ii-250s-19-11-2015-ap1223\/"},"modified":"2025-02-14T12:17:35","modified_gmt":"2025-02-14T11:17:35","slug":"manipolatore-yushin-yc-ii-250s-19-11-2015-ap1223","status":"publish","type":"product","link":"https:\/\/www.pmm-srl.com\/fr\/produit\/manipolatore-yushin-yc-ii-250s-19-11-2015-ap1223\/","title":{"rendered":"Manipolatore Yushin YC II-250S\/19\/11 2015 AP1223"},"content":{"rendered":"","protected":false},"excerpt":{"rendered":"<ul>\n<li>Mouvements \u00e9lectriques<\/li>\n<li><a href=\"https:\/\/www.pmm-srl.com\/wp-content\/uploads\/2025\/01\/AP1223.pdf\" target=\"_blank\" rel=\"noopener\"><span style=\"color: #ff0000;\"><strong>Fiche technique<\/strong><\/span><\/a><\/li>\n<li><strong>PR\u00caT \u00c0 \u00caTRE LIVR\u00c9<\/strong><\/li>\n<\/ul>\n","protected":false},"featured_media":25920,"template":"","meta":[],"product_brand":[],"product_cat":[377,544,547],"product_tag":[],"class_list":{"0":"post-25429","1":"product","2":"type-product","3":"status-publish","4":"has-post-thumbnail","6":"product_cat-macchinari-usati-fr","7":"product_cat-manipolatori-prendimatarozze_fr","8":"product_cat-manipolatori_fr","10":"first","11":"instock","12":"shipping-taxable","13":"product-type-simple"},"yoast_head":"<!-- This site is optimized with the Yoast SEO plugin v27.2 - https:\/\/yoast.com\/product\/yoast-seo-wordpress\/ -->\n<title>Manipolatore Yushin YC II-250S\/19\/11 2015 AP1223 - Pmm Srl<\/title>\n<meta name=\"robots\" content=\"index, follow, max-snippet:-1, max-image-preview:large, max-video-preview:-1\" \/>\n<link rel=\"canonical\" href=\"https:\/\/www.pmm-srl.com\/fr\/produit\/manipolatore-yushin-yc-ii-250s-19-11-2015-ap1223\/\" \/>\n<meta property=\"og:locale\" content=\"fr_FR\" \/>\n<meta property=\"og:type\" content=\"article\" \/>\n<meta property=\"og:title\" content=\"Manipolatore Yushin YC II-250S\/19\/11 2015 AP1223 - Pmm Srl\" \/>\n<meta property=\"og:description\" content=\"Mouvements \u00e9lectriques  Fiche technique  PR\u00caT \u00c0 \u00caTRE LIVR\u00c9\" \/>\n<meta property=\"og:url\" content=\"https:\/\/www.pmm-srl.com\/fr\/produit\/manipolatore-yushin-yc-ii-250s-19-11-2015-ap1223\/\" \/>\n<meta property=\"og:site_name\" content=\"Pmm Srl\" \/>\n<meta property=\"article:modified_time\" content=\"2025-02-14T11:17:35+00:00\" \/>\n<meta property=\"og:image\" content=\"https:\/\/www.pmm-srl.com\/wp-content\/uploads\/2025\/01\/AP1223-1.jpg\" \/>\n\t<meta property=\"og:image:width\" content=\"800\" \/>\n\t<meta property=\"og:image:height\" content=\"400\" \/>\n\t<meta property=\"og:image:type\" content=\"image\/jpeg\" \/>\n<meta name=\"twitter:card\" content=\"summary_large_image\" \/>\n<script type=\"application\/ld+json\" class=\"yoast-schema-graph\">{\"@context\":\"https:\/\/schema.org\",\"@graph\":[{\"@type\":\"WebPage\",\"@id\":\"https:\/\/www.pmm-srl.com\/fr\/produit\/manipolatore-yushin-yc-ii-250s-19-11-2015-ap1223\/\",\"url\":\"https:\/\/www.pmm-srl.com\/fr\/produit\/manipolatore-yushin-yc-ii-250s-19-11-2015-ap1223\/\",\"name\":\"Manipolatore Yushin YC II-250S\/19\/11 2015 AP1223 - Pmm Srl\",\"isPartOf\":{\"@id\":\"https:\/\/www.pmm-srl.com\/fr\/#website\"},\"primaryImageOfPage\":{\"@id\":\"https:\/\/www.pmm-srl.com\/fr\/produit\/manipolatore-yushin-yc-ii-250s-19-11-2015-ap1223\/#primaryimage\"},\"image\":{\"@id\":\"https:\/\/www.pmm-srl.com\/fr\/produit\/manipolatore-yushin-yc-ii-250s-19-11-2015-ap1223\/#primaryimage\"},\"thumbnailUrl\":\"https:\/\/www.pmm-srl.com\/wp-content\/uploads\/2025\/06\/AP1223-V.jpg\",\"datePublished\":\"2025-01-21T11:09:34+00:00\",\"dateModified\":\"2025-02-14T11:17:35+00:00\",\"breadcrumb\":{\"@id\":\"https:\/\/www.pmm-srl.com\/fr\/produit\/manipolatore-yushin-yc-ii-250s-19-11-2015-ap1223\/#breadcrumb\"},\"inLanguage\":\"fr-FR\",\"potentialAction\":[{\"@type\":\"ReadAction\",\"target\":[\"https:\/\/www.pmm-srl.com\/fr\/produit\/manipolatore-yushin-yc-ii-250s-19-11-2015-ap1223\/\"]}]},{\"@type\":\"ImageObject\",\"inLanguage\":\"fr-FR\",\"@id\":\"https:\/\/www.pmm-srl.com\/fr\/produit\/manipolatore-yushin-yc-ii-250s-19-11-2015-ap1223\/#primaryimage\",\"url\":\"https:\/\/www.pmm-srl.com\/wp-content\/uploads\/2025\/06\/AP1223-V.jpg\",\"contentUrl\":\"https:\/\/www.pmm-srl.com\/wp-content\/uploads\/2025\/06\/AP1223-V.jpg\",\"width\":800,\"height\":400},{\"@type\":\"BreadcrumbList\",\"@id\":\"https:\/\/www.pmm-srl.com\/fr\/produit\/manipolatore-yushin-yc-ii-250s-19-11-2015-ap1223\/#breadcrumb\",\"itemListElement\":[{\"@type\":\"ListItem\",\"position\":1,\"name\":\"Home\",\"item\":\"https:\/\/www.pmm-srl.com\/fr\/\"},{\"@type\":\"ListItem\",\"position\":2,\"name\":\"Catalogo\",\"item\":\"https:\/\/www.pmm-srl.com\/fr\/shop\/\"},{\"@type\":\"ListItem\",\"position\":3,\"name\":\"Manipolatore Yushin YC II-250S\/19\/11 2015 AP1223\"}]},{\"@type\":\"WebSite\",\"@id\":\"https:\/\/www.pmm-srl.com\/fr\/#website\",\"url\":\"https:\/\/www.pmm-srl.com\/fr\/\",\"name\":\"Pmm Srl\",\"description\":\"Plastic Moulding Machine\",\"publisher\":{\"@id\":\"https:\/\/www.pmm-srl.com\/fr\/#organization\"},\"potentialAction\":[{\"@type\":\"SearchAction\",\"target\":{\"@type\":\"EntryPoint\",\"urlTemplate\":\"https:\/\/www.pmm-srl.com\/fr\/?s={search_term_string}\"},\"query-input\":{\"@type\":\"PropertyValueSpecification\",\"valueRequired\":true,\"valueName\":\"search_term_string\"}}],\"inLanguage\":\"fr-FR\"},{\"@type\":\"Organization\",\"@id\":\"https:\/\/www.pmm-srl.com\/fr\/#organization\",\"name\":\"Pmm Srl\",\"url\":\"https:\/\/www.pmm-srl.com\/fr\/\",\"logo\":{\"@type\":\"ImageObject\",\"inLanguage\":\"fr-FR\",\"@id\":\"https:\/\/www.pmm-srl.com\/fr\/#\/schema\/logo\/image\/\",\"url\":\"https:\/\/www.pmm-srl.com\/wp-content\/uploads\/2023\/04\/logo-colori-2.png\",\"contentUrl\":\"https:\/\/www.pmm-srl.com\/wp-content\/uploads\/2023\/04\/logo-colori-2.png\",\"width\":908,\"height\":151,\"caption\":\"Pmm Srl\"},\"image\":{\"@id\":\"https:\/\/www.pmm-srl.com\/fr\/#\/schema\/logo\/image\/\"}}]}<\/script>\n<!-- \/ Yoast SEO plugin. -->","yoast_head_json":{"title":"Manipolatore Yushin YC II-250S\/19\/11 2015 AP1223 - Pmm Srl","robots":{"index":"index","follow":"follow","max-snippet":"max-snippet:-1","max-image-preview":"max-image-preview:large","max-video-preview":"max-video-preview:-1"},"canonical":"https:\/\/www.pmm-srl.com\/fr\/produit\/manipolatore-yushin-yc-ii-250s-19-11-2015-ap1223\/","og_locale":"fr_FR","og_type":"article","og_title":"Manipolatore Yushin YC II-250S\/19\/11 2015 AP1223 - Pmm Srl","og_description":"Mouvements \u00e9lectriques  Fiche technique  PR\u00caT \u00c0 \u00caTRE LIVR\u00c9","og_url":"https:\/\/www.pmm-srl.com\/fr\/produit\/manipolatore-yushin-yc-ii-250s-19-11-2015-ap1223\/","og_site_name":"Pmm Srl","article_modified_time":"2025-02-14T11:17:35+00:00","og_image":[{"width":800,"height":400,"url":"https:\/\/www.pmm-srl.com\/wp-content\/uploads\/2025\/01\/AP1223-1.jpg","type":"image\/jpeg"}],"twitter_card":"summary_large_image","schema":{"@context":"https:\/\/schema.org","@graph":[{"@type":"WebPage","@id":"https:\/\/www.pmm-srl.com\/fr\/produit\/manipolatore-yushin-yc-ii-250s-19-11-2015-ap1223\/","url":"https:\/\/www.pmm-srl.com\/fr\/produit\/manipolatore-yushin-yc-ii-250s-19-11-2015-ap1223\/","name":"Manipolatore Yushin YC II-250S\/19\/11 2015 AP1223 - Pmm Srl","isPartOf":{"@id":"https:\/\/www.pmm-srl.com\/fr\/#website"},"primaryImageOfPage":{"@id":"https:\/\/www.pmm-srl.com\/fr\/produit\/manipolatore-yushin-yc-ii-250s-19-11-2015-ap1223\/#primaryimage"},"image":{"@id":"https:\/\/www.pmm-srl.com\/fr\/produit\/manipolatore-yushin-yc-ii-250s-19-11-2015-ap1223\/#primaryimage"},"thumbnailUrl":"https:\/\/www.pmm-srl.com\/wp-content\/uploads\/2025\/06\/AP1223-V.jpg","datePublished":"2025-01-21T11:09:34+00:00","dateModified":"2025-02-14T11:17:35+00:00","breadcrumb":{"@id":"https:\/\/www.pmm-srl.com\/fr\/produit\/manipolatore-yushin-yc-ii-250s-19-11-2015-ap1223\/#breadcrumb"},"inLanguage":"fr-FR","potentialAction":[{"@type":"ReadAction","target":["https:\/\/www.pmm-srl.com\/fr\/produit\/manipolatore-yushin-yc-ii-250s-19-11-2015-ap1223\/"]}]},{"@type":"ImageObject","inLanguage":"fr-FR","@id":"https:\/\/www.pmm-srl.com\/fr\/produit\/manipolatore-yushin-yc-ii-250s-19-11-2015-ap1223\/#primaryimage","url":"https:\/\/www.pmm-srl.com\/wp-content\/uploads\/2025\/06\/AP1223-V.jpg","contentUrl":"https:\/\/www.pmm-srl.com\/wp-content\/uploads\/2025\/06\/AP1223-V.jpg","width":800,"height":400},{"@type":"BreadcrumbList","@id":"https:\/\/www.pmm-srl.com\/fr\/produit\/manipolatore-yushin-yc-ii-250s-19-11-2015-ap1223\/#breadcrumb","itemListElement":[{"@type":"ListItem","position":1,"name":"Home","item":"https:\/\/www.pmm-srl.com\/fr\/"},{"@type":"ListItem","position":2,"name":"Catalogo","item":"https:\/\/www.pmm-srl.com\/fr\/shop\/"},{"@type":"ListItem","position":3,"name":"Manipolatore Yushin YC II-250S\/19\/11 2015 AP1223"}]},{"@type":"WebSite","@id":"https:\/\/www.pmm-srl.com\/fr\/#website","url":"https:\/\/www.pmm-srl.com\/fr\/","name":"Pmm Srl","description":"Plastic Moulding Machine","publisher":{"@id":"https:\/\/www.pmm-srl.com\/fr\/#organization"},"potentialAction":[{"@type":"SearchAction","target":{"@type":"EntryPoint","urlTemplate":"https:\/\/www.pmm-srl.com\/fr\/?s={search_term_string}"},"query-input":{"@type":"PropertyValueSpecification","valueRequired":true,"valueName":"search_term_string"}}],"inLanguage":"fr-FR"},{"@type":"Organization","@id":"https:\/\/www.pmm-srl.com\/fr\/#organization","name":"Pmm Srl","url":"https:\/\/www.pmm-srl.com\/fr\/","logo":{"@type":"ImageObject","inLanguage":"fr-FR","@id":"https:\/\/www.pmm-srl.com\/fr\/#\/schema\/logo\/image\/","url":"https:\/\/www.pmm-srl.com\/wp-content\/uploads\/2023\/04\/logo-colori-2.png","contentUrl":"https:\/\/www.pmm-srl.com\/wp-content\/uploads\/2023\/04\/logo-colori-2.png","width":908,"height":151,"caption":"Pmm Srl"},"image":{"@id":"https:\/\/www.pmm-srl.com\/fr\/#\/schema\/logo\/image\/"}}]}},"_links":{"self":[{"href":"https:\/\/www.pmm-srl.com\/fr\/wp-json\/wp\/v2\/product\/25429","targetHints":{"allow":["GET"]}}],"collection":[{"href":"https:\/\/www.pmm-srl.com\/fr\/wp-json\/wp\/v2\/product"}],"about":[{"href":"https:\/\/www.pmm-srl.com\/fr\/wp-json\/wp\/v2\/types\/product"}],"version-history":[{"count":1,"href":"https:\/\/www.pmm-srl.com\/fr\/wp-json\/wp\/v2\/product\/25429\/revisions"}],"predecessor-version":[{"id":25431,"href":"https:\/\/www.pmm-srl.com\/fr\/wp-json\/wp\/v2\/product\/25429\/revisions\/25431"}],"wp:featuredmedia":[{"embeddable":true,"href":"https:\/\/www.pmm-srl.com\/fr\/wp-json\/wp\/v2\/media\/25920"}],"wp:attachment":[{"href":"https:\/\/www.pmm-srl.com\/fr\/wp-json\/wp\/v2\/media?parent=25429"}],"wp:term":[{"taxonomy":"product_brand","embeddable":true,"href":"https:\/\/www.pmm-srl.com\/fr\/wp-json\/wp\/v2\/product_brand?post=25429"},{"taxonomy":"product_cat","embeddable":true,"href":"https:\/\/www.pmm-srl.com\/fr\/wp-json\/wp\/v2\/product_cat?post=25429"},{"taxonomy":"product_tag","embeddable":true,"href":"https:\/\/www.pmm-srl.com\/fr\/wp-json\/wp\/v2\/product_tag?post=25429"}],"curies":[{"name":"wp","href":"https:\/\/api.w.org\/{rel}","templated":true}]}}